{"id":51,"date":"2023-03-14T15:16:23","date_gmt":"2023-03-14T15:16:23","guid":{"rendered":"https:\/\/scmtavira.pt\/?page_id=51"},"modified":"2023-03-20T15:03:24","modified_gmt":"2023-03-20T15:03:24","slug":"historia","status":"publish","type":"page","link":"https:\/\/scmtavira.pt\/index.php\/historia\/","title":{"rendered":"Hist\u00f3ria \ufffc"},"content":{"rendered":"\n<p>A Irmandade da Santa Casa da Miseric\u00f3rdia de Tavira foi institu\u00edda no Convento de S\u00e3o Francisco donde transitou para uns anexos do Hospital do Espirito Santo por carta r\u00e9gia de D. Jo\u00e3o III.<\/p>\n\n\n\n<p>Sendo as casas necess\u00e1rias para a coloca\u00e7\u00e3o de mais doentes, os Irm\u00e3os da Miseric\u00f3rdia v\u00eam-se na obriga\u00e7\u00e3o de as abandonar mudando-se para&nbsp;Santa Maria, onde permaneceram at\u00e9 \u00e0 constru\u00e7\u00e3o da sua pr\u00f3pria Igreja e casa no ano de 1551.<\/p>\n\n\n\n<p>Tal como as restantes Miseric\u00f3rdias, tamb\u00e9m esta se regia por um Compromisso dado por D. Manuel em&nbsp;1516.&nbsp;Este tinha como modelo o Compromisso da Miseric\u00f3rdia de Lisboa,&nbsp;resumindo a assist\u00eancia a toda a mis\u00e9ria humana.<\/p>\n\n\n\n<p>Sendo o quotidiano da Idade Moderna marcado por viol\u00eancia, os Irm\u00e3os da Miseric\u00f3rdia iam de forma volunt\u00e1ria ao encontro de quem precisava. Inauguraram desta fora um movimento confraternal, trabalhando com os problemas espec\u00edficos da pobreza. Todo este trabalho encontra-se retratado nos pain\u00e9is azulejares da Igreja da Miseric\u00f3rdia.<\/p>\n\n\n\n<p>Os rendimentos da Institui\u00e7\u00e3o provinham essencialmente dos Foros e Juros provenientes dos Legados, das Taxas cobradas para&nbsp;utiliza\u00e7\u00e3o da Tumba, e de pedit\u00f3rios em \u00e9pocas espec\u00edficas, para o jantar dos presos.<\/p>\n\n\n\n<p>As despesas existiam com a cobran\u00e7a das suas receitas,&nbsp;o cumprimento&nbsp;dos encargos impostos nos legados pelos instituidores,&nbsp;com o&nbsp;\u00abCompromisso\u00bb&nbsp;pelo qual se regia e com a conserva\u00e7\u00e3o e amplia\u00e7\u00e3o das suas instala\u00e7\u00f5es. Para a cobran\u00e7a das suas receitas tinha a institui\u00e7\u00e3o um cobrador que muitas vezes tinha que recorrer a um s\u00edndico para obrigar a p\u00f4r em dia os \u201cforeiros retardat\u00e1rios\u201d&nbsp;<\/p>\n\n\n\n<p>Desde a constru\u00e7\u00e3o da sua Igreja em 1541, a Miseric\u00f3rdia tem ao seu encargo celebra\u00e7\u00f5es religiosas, tais como o culto e enterramento dos mortos,\u00a0tanto de Irm\u00e3o como dos pobres,\u00a0era uma das prioridades da Mesa Administrativa. Cabia-lhes tamb\u00e9m\u00a0as celebra\u00e7\u00f5es da Semana Santa.\u00a0As Endoen\u00e7as, o Lava-p\u00e9s e\u00a0a Prociss\u00e3o do Enterro do Senhor Morto\u00a0na Sexta-feira Santa.<\/p>\n\n\n\n<p>A Implanta\u00e7\u00e3o da Rep\u00fablica, em 1910, trouxe consigo o cessar das tradicionais cerim\u00f3nias religiosas da Semana Santa, e a altera\u00e7\u00e3o dos seus Estatutos no que tocava \u00e0 constitui\u00e7\u00e3o da Mesa administrativa e ao per\u00edodo&nbsp;de&nbsp;mandato. A partir de 19-11-1910 a Institui\u00e7\u00e3o passa a ser gerida por sete membros, com mandatos de dois anos, em vez de treze com mandato anual.<\/p>\n\n\n\n<p>A Santa Casa da Miseric\u00f3rdia funde-se ao Hospital do Esp\u00edrito Santo&nbsp;em 1921.<\/p>\n\n\n\n<p>Tal como outras, tamb\u00e9m estas duas Institui\u00e7\u00f5es n\u00e3o se uniram nos primeiros s\u00e9culos. A ideia de fus\u00e3o surgiu no s\u00e9culo XIX, concretizando-se apenas no s\u00e9culo XX, por o Hospital estar a passar grandes dificuldades financeiras causadas pela infla\u00e7\u00e3o da Primeira Grande Guerra.<\/p>\n\n\n\n<p>Ap\u00f3s a uni\u00e3o, os deveres e compromissos destas duas Institui\u00e7\u00f5es&nbsp;fundiram-se, tendo sido banidos os atos de culto religioso.<\/p>\n\n\n\n<p>At\u00e9 1945, a nova Miseric\u00f3rdia de Tavira debate-se com v\u00e1rias dificuldades financeiras. Nesse ano \u201crenasce\u201d a todos os n\u00edveis, devido n\u00e3o s\u00f3 aos famosos cortejos de oferendas, mas tamb\u00e9m ao Legados de Augusto C\u00e9sar Xavier Machado e Artur C\u00edlia.<\/p>\n\n\n\n<p>Seguiram-se anos abastados com a venda de algum patrim\u00f3nio, obras no Hospital e a compra de um terreno \u00e0 C\u00e2mara Municipal para a constru\u00e7\u00e3o da 2\u00ba fase do seu bairro social.&nbsp;<\/p>\n\n\n\n<p>Em 1976, ap\u00f3s o 25 de abril, o Estado nacionalizou o Hospital da Miseric\u00f3rdia, tendo esta que encetar um novo rumo. Ap\u00f3s anos de incerteza em rela\u00e7\u00e3o ao futuro surge um projeto de apoio \u00e0 terceira idade.<\/p>\n\n\n\n<p>A Miseric\u00f3rdia de Tavira, em 1981 preocupa-se com a restitui\u00e7\u00e3o do seu culto e das suas cerim\u00f3nias, fazendo regressar \u00e0 sua Igreja as imagens e\u00a0pe\u00e7as\u00a0liturgias que se encontravam na Igreja de Santa Maria, e, com elas a Prociss\u00e3o de Sexta- Feira Santa voltou a sair da Igreja da Miseric\u00f3rdia.<\/p>\n\n\n\n<p>O lar da Santa Casa da Miseric\u00f3rdia de Tavira foi inaugurado em 1985, com acordo celebrado com a Seguran\u00e7a Social. Pouco tempo depois passa igualmente a administrar os dois equipamentos infantis que a Seguran\u00e7a Social criou na cidade.<\/p>\n\n\n\n<p>Danda a necessidade de ampliar o apoio \u00e0 terceira idade abriu, em 2005, o lar de S\u00e3o Jos\u00e9.<\/p>\n\n\n\n<p>Recentemente&nbsp;a Miseric\u00f3rdia&nbsp;apostou na reabilita\u00e7\u00e3o e divulga\u00e7\u00e3o do seu patrim\u00f3nio im\u00f3vel, art\u00edstico e documental.<\/p>\n\n\n\n<p>A Santa Casa da Miseric\u00f3rdia de Tavira \u00e9 uma associa\u00e7\u00e3o de pessoas que seguem os princ\u00edpios da doutrina crist\u00e3. Tem \u00f3rg\u00e3os&nbsp;diretivos&nbsp;definidos estatutariamente. Os membros da Institui\u00e7\u00e3o s\u00e3o eleitos por vota\u00e7\u00e3o, cabendo a esses a responsabilidade de cuidar e proteger os interesses da mesma.<\/p>\n\n\n\n<p><strong>BIBLIOGRAFIA:<\/strong><\/p>\n\n\n\n<p>\u2022&nbsp;Anica, Arnaldo Casimiro<\/p>\n\n\n\n<p>1983.&nbsp;<em>O Hospital do Esp\u00edrito Santo e a Santa Casa da Miseric\u00f3rdia da cidade de Tavira (Da funda\u00e7\u00e3o \u00e0 atualidade \u2013 notas)<\/em>, Tavira, Edi\u00e7\u00e3o da Santa Casa da Miseric\u00f3rdia de Tavira.<\/p>\n\n\n\n<p>\u2022&nbsp;Pinto, M., Pinto, V.<\/p>\n\n\n\n<p>1968.&nbsp;<em>As Miseric\u00f3rdia do Algarve<\/em>, Lisboa, Minist\u00e9rio da Sa\u00fade e Assist\u00eancia.<\/p>\n","protected":false},"excerpt":{"rendered":"<p>A Irmandade da Santa Casa da Miseric\u00f3rdia de Tavira foi institu\u00edda no Convento de S\u00e3o Francisco donde transitou para uns anexos do Hospital do Espirito Santo por carta r\u00e9gia de D. Jo\u00e3o III. Sendo as casas necess\u00e1rias para a coloca\u00e7\u00e3o de mais doentes, os Irm\u00e3os da Miseric\u00f3rdia v\u00eam-se na obriga\u00e7\u00e3o de as abandonar mudando-se para&nbsp;Santa [&hellip;]<\/p>\n","protected":false},"author":1,"featured_media":0,"parent":0,"menu_order":0,"comment_status":"closed","ping_status":"closed","template":"","meta":{"footnotes":""},"class_list":["post-51","page","type-page","status-publish","hentry"],"_links":{"self":[{"href":"https:\/\/scmtavira.pt\/index.php\/wp-json\/wp\/v2\/pages\/51","targetHints":{"allow":["GET"]}}],"collection":[{"href":"https:\/\/scmtavira.pt\/index.php\/wp-json\/wp\/v2\/pages"}],"about":[{"href":"https:\/\/scmtavira.pt\/index.php\/wp-json\/wp\/v2\/types\/page"}],"author":[{"embeddable":true,"href":"https:\/\/scmtavira.pt\/index.php\/wp-json\/wp\/v2\/users\/1"}],"replies":[{"embeddable":true,"href":"https:\/\/scmtavira.pt\/index.php\/wp-json\/wp\/v2\/comments?post=51"}],"version-history":[{"count":4,"href":"https:\/\/scmtavira.pt\/index.php\/wp-json\/wp\/v2\/pages\/51\/revisions"}],"predecessor-version":[{"id":176,"href":"https:\/\/scmtavira.pt\/index.php\/wp-json\/wp\/v2\/pages\/51\/revisions\/176"}],"wp:attachment":[{"href":"https:\/\/scmtavira.pt\/index.php\/wp-json\/wp\/v2\/media?parent=51"}],"curies":[{"name":"wp","href":"https:\/\/api.w.org\/{rel}","templated":true}]}}