{"id":117,"date":"2023-03-14T16:29:42","date_gmt":"2023-03-14T16:29:42","guid":{"rendered":"https:\/\/scmtavira.pt\/?page_id=117"},"modified":"2023-03-21T14:46:38","modified_gmt":"2023-03-21T14:46:38","slug":"bilheteira-e-horarios","status":"publish","type":"page","link":"https:\/\/scmtavira.pt\/index.php\/bilheteira-e-horarios\/","title":{"rendered":"Bilheteira e Hor\u00e1rios \ufffc"},"content":{"rendered":"\n<p><mark style=\"background-color:#fcb900\" class=\"has-inline-color has-black-color\"><strong>Pre\u00e7os<\/strong><\/mark><\/p>\n\n\n\n<p><strong>Bilhete Normal &#8211;&nbsp;<\/strong><strong>3<\/strong><strong>\u20ac<\/strong><\/p>\n\n\n\n<p><strong>Bilhete fam\u00edlia &#8211;&nbsp;<\/strong><strong>10<\/strong><strong>\u20ac<\/strong><\/p>\n\n\n\n<p><strong>Bilhete&nbsp;<\/strong><strong>Grupos<\/strong><strong>&nbsp;(mais de&nbsp;<\/strong><strong>10<\/strong><strong>)&nbsp;<\/strong><strong>\u2013<\/strong><strong>&nbsp;<\/strong><strong>1,50<\/strong><strong>\u20ac<\/strong><\/p>\n\n\n\n<p><strong>Cart\u00e3o Centro Hist\u00f3rico<\/strong><strong>&#8211;&nbsp;<\/strong><strong>7<\/strong><strong>\u20ac<\/strong><\/p>\n\n\n\n<p><strong>Cart\u00e3o Cidade de Tavira<\/strong><strong>&#8211;&nbsp;<\/strong><strong>10<\/strong><strong>\u20ac<\/strong><\/p>\n\n\n\n<p><strong>Cart\u00e3o Jovem \u2013 5<\/strong><strong>\u20ac<\/strong><\/p>\n\n\n\n<p><strong>Visitas escolares &#8211;&nbsp;<\/strong><strong>Gratuitas<\/strong><\/p>\n\n\n\n<p><strong>Percursos orientados &#8211; 5\u20ac&nbsp;<\/strong><\/p>\n\n\n\n<p><strong>\u00a0<\/strong><mark style=\"background-color:#fcb900\" class=\"has-inline-color has-black-color\"><strong>Hor\u00e1rio da bilheteira<\/strong><\/mark><\/p>\n\n\n\n<p>Segunda a sexta-feira:<\/p>\n\n\n\n<p>&nbsp;&gt; das 10h00 \u00e0s 18h00 (hor\u00e1rio de ver\u00e3o) &#8211; entre 1 de abril e 30 de setembro<\/p>\n\n\n\n<p>&gt; das 10h00 \u00e0s 17h30 (hor\u00e1rio de inverno) &#8211; entre 1 de outubro e 31 de mar\u00e7o<\/p>\n\n\n\n<p>Encerrado nos&nbsp;feriados entre 1 de outubro e 31 de mar\u00e7o&nbsp;<\/p>\n\n\n\n<p>O acesso \u00e0 igreja e \u00e0s salas de exposi\u00e7\u00f5es s\u00f3 \u00e9 permitido at\u00e9 30 minutos antes do encerramento.<\/p>\n\n\n\n<p><font _mstmutation=\"1\"><\/p>\n","protected":false},"excerpt":{"rendered":"<p>Pre\u00e7os Bilhete Normal &#8211;&nbsp;3\u20ac Bilhete fam\u00edlia &#8211;&nbsp;10\u20ac Bilhete&nbsp;Grupos&nbsp;(mais de&nbsp;10)&nbsp;\u2013&nbsp;1,50\u20ac Cart\u00e3o Centro Hist\u00f3rico&#8211;&nbsp;7\u20ac Cart\u00e3o Cidade de Tavira&#8211;&nbsp;10\u20ac Cart\u00e3o Jovem \u2013 5\u20ac Visitas escolares &#8211;&nbsp;Gratuitas Percursos orientados &#8211; 5\u20ac&nbsp; \u00a0Hor\u00e1rio da bilheteira Segunda a sexta-feira: &nbsp;&gt; das 10h00 \u00e0s 18h00 (hor\u00e1rio de ver\u00e3o) &#8211; entre 1 de abril e 30 de setembro &gt; das 10h00 \u00e0s 17h30 [&hellip;]<\/p>\n","protected":false},"author":1,"featured_media":0,"parent":0,"menu_order":0,"comment_status":"closed","ping_status":"closed","template":"","meta":{"footnotes":""},"class_list":["post-117","page","type-page","status-publish","hentry"],"_links":{"self":[{"href":"https:\/\/scmtavira.pt\/index.php\/wp-json\/wp\/v2\/pages\/117","targetHints":{"allow":["GET"]}}],"collection":[{"href":"https:\/\/scmtavira.pt\/index.php\/wp-json\/wp\/v2\/pages"}],"about":[{"href":"https:\/\/scmtavira.pt\/index.php\/wp-json\/wp\/v2\/types\/page"}],"author":[{"embeddable":true,"href":"https:\/\/scmtavira.pt\/index.php\/wp-json\/wp\/v2\/users\/1"}],"replies":[{"embeddable":true,"href":"https:\/\/scmtavira.pt\/index.php\/wp-json\/wp\/v2\/comments?post=117"}],"version-history":[{"count":2,"href":"https:\/\/scmtavira.pt\/index.php\/wp-json\/wp\/v2\/pages\/117\/revisions"}],"predecessor-version":[{"id":201,"href":"https:\/\/scmtavira.pt\/index.php\/wp-json\/wp\/v2\/pages\/117\/revisions\/201"}],"wp:attachment":[{"href":"https:\/\/scmtavira.pt\/index.php\/wp-json\/wp\/v2\/media?parent=117"}],"curies":[{"name":"wp","href":"https:\/\/api.w.org\/{rel}","templated":true}]}}